{"id":60654,"date":"2025-07-01T08:29:55","date_gmt":"2025-07-01T08:29:55","guid":{"rendered":"https:\/\/otosoket.com\/?post_type=product&#038;p=60654"},"modified":"2026-03-12T07:27:57","modified_gmt":"2026-03-12T07:27:57","slug":"6k047","status":"publish","type":"product","link":"https:\/\/otosoket.com\/index.php\/product\/6k047\/","title":{"rendered":"6K047"},"content":{"rendered":"<p>________________________________________________________________________________________________________________________________________________________<\/p>\n<p><strong>Oem G\u00fcnd\u00fcz Far Soketi :<\/strong> <span style=\"color: #ffffff;\">6188-0560 6189-1175\/<\/span><\/p>\n<ul>\n<li>Nissan G\u00fcnd\u00fcz Far\u0131 Ba\u011flant\u0131 Soketi<\/li>\n<\/ul>\n<p>________________________________________________________________________________________________________________________________________________________<\/p>\n<p>&nbsp;<\/p>\n<p>________________________________________________________________________________________________________________________________________________________<\/p>\n","protected":false},"excerpt":{"rendered":"<ul>\n<li><strong> G\u00fcnd\u00fcz Far Soketi <\/strong><\/li>\n<\/ul>\n","protected":false},"featured_media":63499,"template":"","meta":[],"product_brand":[],"product_cat":[94,105],"product_tag":[],"class_list":{"0":"post-60654","1":"product","2":"type-product","3":"status-publish","4":"has-post-thumbnail","6":"product_cat-6-kablolu-soketler","7":"product_cat-nissan","9":"first","10":"instock","11":"taxable","12":"shipping-taxable","13":"purchasable","14":"product-type-simple"},"_links":{"self":[{"href":"https:\/\/otosoket.com\/index.php\/wp-json\/wp\/v2\/product\/60654","targetHints":{"allow":["GET"]}}],"collection":[{"href":"https:\/\/otosoket.com\/index.php\/wp-json\/wp\/v2\/product"}],"about":[{"href":"https:\/\/otosoket.com\/index.php\/wp-json\/wp\/v2\/types\/product"}],"wp:featuredmedia":[{"embeddable":true,"href":"https:\/\/otosoket.com\/index.php\/wp-json\/wp\/v2\/media\/63499"}],"wp:attachment":[{"href":"https:\/\/otosoket.com\/index.php\/wp-json\/wp\/v2\/media?parent=60654"}],"wp:term":[{"taxonomy":"product_brand","embeddable":true,"href":"https:\/\/otosoket.com\/index.php\/wp-json\/wp\/v2\/product_brand?post=60654"},{"taxonomy":"product_cat","embeddable":true,"href":"https:\/\/otosoket.com\/index.php\/wp-json\/wp\/v2\/product_cat?post=60654"},{"taxonomy":"product_tag","embeddable":true,"href":"https:\/\/otosoket.com\/index.php\/wp-json\/wp\/v2\/product_tag?post=60654"}],"curies":[{"name":"wp","href":"https:\/\/api.w.org\/{rel}","templated":true}]}}