{"id":60660,"date":"2025-07-01T08:34:21","date_gmt":"2025-07-01T08:34:21","guid":{"rendered":"https:\/\/otosoket.com\/?post_type=product&#038;p=60660"},"modified":"2026-03-12T08:38:49","modified_gmt":"2026-03-12T08:38:49","slug":"8k024","status":"publish","type":"product","link":"https:\/\/otosoket.com\/index.php\/product\/8k024\/","title":{"rendered":"8K024"},"content":{"rendered":"<p>________________________________________________________________________________________________________________________________________________________<\/p>\n<p><strong>OEM \u00a0Transfer Kutusu Vites Motoru Akt\u00fcat\u00f6r\u00fc Soketi :<\/strong><\/p>\n<p>________________________________________________________________________________________________________________________________________________________<\/p>\n<p>&nbsp;<\/p>\n<p>&nbsp;<\/p>\n<p>________________________________________________________________________________________________________________________________________________________<\/p>\n<p>&nbsp;<\/p>\n","protected":false},"excerpt":{"rendered":"<ul>\n<li><strong>Transfer Kutusu Vites Motoru Akt\u00fcat\u00f6r\u00fc Soketi <\/strong><\/li>\n<\/ul>\n","protected":false},"featured_media":63580,"template":"","meta":[],"product_brand":[],"product_cat":[96],"product_tag":[],"class_list":{"0":"post-60660","1":"product","2":"type-product","3":"status-publish","4":"has-post-thumbnail","6":"product_cat-8-kablolu-soketler","8":"first","9":"instock","10":"taxable","11":"shipping-taxable","12":"purchasable","13":"product-type-simple"},"_links":{"self":[{"href":"https:\/\/otosoket.com\/index.php\/wp-json\/wp\/v2\/product\/60660","targetHints":{"allow":["GET"]}}],"collection":[{"href":"https:\/\/otosoket.com\/index.php\/wp-json\/wp\/v2\/product"}],"about":[{"href":"https:\/\/otosoket.com\/index.php\/wp-json\/wp\/v2\/types\/product"}],"wp:featuredmedia":[{"embeddable":true,"href":"https:\/\/otosoket.com\/index.php\/wp-json\/wp\/v2\/media\/63580"}],"wp:attachment":[{"href":"https:\/\/otosoket.com\/index.php\/wp-json\/wp\/v2\/media?parent=60660"}],"wp:term":[{"taxonomy":"product_brand","embeddable":true,"href":"https:\/\/otosoket.com\/index.php\/wp-json\/wp\/v2\/product_brand?post=60660"},{"taxonomy":"product_cat","embeddable":true,"href":"https:\/\/otosoket.com\/index.php\/wp-json\/wp\/v2\/product_cat?post=60660"},{"taxonomy":"product_tag","embeddable":true,"href":"https:\/\/otosoket.com\/index.php\/wp-json\/wp\/v2\/product_tag?post=60660"}],"curies":[{"name":"wp","href":"https:\/\/api.w.org\/{rel}","templated":true}]}}