{"id":61415,"date":"2025-11-27T12:24:37","date_gmt":"2025-11-27T12:24:37","guid":{"rendered":"https:\/\/otosoket.com\/?post_type=product&#038;p=61415"},"modified":"2026-04-09T06:56:34","modified_gmt":"2026-04-09T06:56:34","slug":"1k025","status":"publish","type":"product","link":"https:\/\/otosoket.com\/index.php\/product\/1k025\/","title":{"rendered":"1K025"},"content":{"rendered":"<p>________________________________________________________________________________________________________________________________________________________<\/p>\n<p><strong>OEM D\u00fcz Kontak Muhafaza Soketi :<\/strong> <span style=\"color: #ffffff;\">191972751\u00a0<\/span><\/p>\n<p>________________________________________________________________________________________________________________________________________________________<\/p>\n<ul>\n<li>Audi D\u00fcz Kontak Muhafaza Soketi<\/li>\n<li>Seat D\u00fcz Kontak Muhafaza Soketi<\/li>\n<li>Skoda D\u00fcz Kontak Muhafaza Soketi<\/li>\n<li>Volkswagen D\u00fcz Kontak Muhafaza Soketi<\/li>\n<\/ul>\n<p>________________________________________________________________________________________________________________________________________________________<\/p>\n","protected":false},"excerpt":{"rendered":"<ul>\n<li><strong>D\u00fcz Kontak Muhafaza Soketi<\/strong><\/li>\n<li><strong>Boyutlar:<\/strong> Yakla\u015f\u0131k 7.00 mm y\u00fckseklik, 6.60 mm geni\u015flik ve 23.0 mm uzunluk<\/li>\n<\/ul>\n","protected":false},"featured_media":62802,"template":"","meta":[],"product_brand":[],"product_cat":[90,107,108,109,110,191],"product_tag":[],"class_list":{"0":"post-61415","1":"product","2":"type-product","3":"status-publish","4":"has-post-thumbnail","6":"product_cat-1-kablolu-soketler","7":"product_cat-audi","8":"product_cat-seat","9":"product_cat-skoda","10":"product_cat-volkswagen","11":"product_cat-yeni-urunler","13":"first","14":"instock","15":"taxable","16":"shipping-taxable","17":"purchasable","18":"product-type-simple"},"_links":{"self":[{"href":"https:\/\/otosoket.com\/index.php\/wp-json\/wp\/v2\/product\/61415","targetHints":{"allow":["GET"]}}],"collection":[{"href":"https:\/\/otosoket.com\/index.php\/wp-json\/wp\/v2\/product"}],"about":[{"href":"https:\/\/otosoket.com\/index.php\/wp-json\/wp\/v2\/types\/product"}],"wp:featuredmedia":[{"embeddable":true,"href":"https:\/\/otosoket.com\/index.php\/wp-json\/wp\/v2\/media\/62802"}],"wp:attachment":[{"href":"https:\/\/otosoket.com\/index.php\/wp-json\/wp\/v2\/media?parent=61415"}],"wp:term":[{"taxonomy":"product_brand","embeddable":true,"href":"https:\/\/otosoket.com\/index.php\/wp-json\/wp\/v2\/product_brand?post=61415"},{"taxonomy":"product_cat","embeddable":true,"href":"https:\/\/otosoket.com\/index.php\/wp-json\/wp\/v2\/product_cat?post=61415"},{"taxonomy":"product_tag","embeddable":true,"href":"https:\/\/otosoket.com\/index.php\/wp-json\/wp\/v2\/product_tag?post=61415"}],"curies":[{"name":"wp","href":"https:\/\/api.w.org\/{rel}","templated":true}]}}