{"id":61430,"date":"2025-11-27T15:21:24","date_gmt":"2025-11-27T15:21:24","guid":{"rendered":"https:\/\/otosoket.com\/?post_type=product&#038;p=61430"},"modified":"2026-03-10T10:32:23","modified_gmt":"2026-03-10T10:32:23","slug":"2k072-a","status":"publish","type":"product","link":"https:\/\/otosoket.com\/index.php\/product\/2k072-a\/","title":{"rendered":"2K072 A"},"content":{"rendered":"<p>________________________________________________________________________________________________________________________________________________________<\/p>\n<p><strong>OEM\u00a0<span id=\"productTitle\" class=\"a-size-large product-title-word-break\"><span dir=\"auto\">ABS Tekerlek H\u0131z Sens\u00f6r\u00fc Soketi <\/span><\/span><span style=\"color: #000000;\">:\u00a0\u00a0<\/span><\/strong><span id=\"productTitle\" class=\"a-size-large product-title-word-break\" style=\"color: #ffffff;\"><span dir=\"auto\">6189-7073\/61897073\/9098012572<\/span><\/span><\/p>\n<ul>\n<li>LEXUS <span id=\"productTitle\" class=\"a-size-large product-title-word-break\"><span dir=\"auto\">ABS Tekerlek H\u0131z Sens\u00f6r\u00fc Soketi<\/span><\/span><\/li>\n<li>Nissan <span id=\"productTitle\" class=\"a-size-large product-title-word-break\"><span dir=\"auto\">ABS Tekerlek H\u0131z Sens\u00f6r\u00fc Soketi<\/span><\/span><\/li>\n<li>Subaru <span id=\"productTitle\" class=\"a-size-large product-title-word-break\"><span dir=\"auto\">ABS Tekerlek H\u0131z Sens\u00f6r\u00fc Soketi<\/span><\/span><\/li>\n<li>Toyota <span id=\"productTitle\" class=\"a-size-large product-title-word-break\"><span dir=\"auto\">ABS Tekerlek H\u0131z Sens\u00f6r\u00fc Soketi<\/span><\/span><\/li>\n<\/ul>\n<p>________________________________________________________________________________________________________________________________________________________<\/p>\n<p>&nbsp;<\/p>\n<p>________________________________________________________________________________________________________________________________________________________<\/p>\n","protected":false},"excerpt":{"rendered":"<ul>\n<li><strong><span id=\"productTitle\" class=\"a-size-large product-title-word-break\"><span dir=\"auto\">ABS Tekerlek H\u0131z Sens\u00f6r\u00fc Soketi<\/span><\/span><\/strong><\/li>\n<\/ul>\n","protected":false},"featured_media":63014,"template":"","meta":[],"product_brand":[],"product_cat":[91,196,105,171,112,191],"product_tag":[],"class_list":{"0":"post-61430","1":"product","2":"type-product","3":"status-publish","4":"has-post-thumbnail","6":"product_cat-2-kablolu-soketler","7":"product_cat-lexus","8":"product_cat-nissan","9":"product_cat-subaru","10":"product_cat-toyota","11":"product_cat-yeni-urunler","13":"first","14":"instock","15":"taxable","16":"shipping-taxable","17":"purchasable","18":"product-type-simple"},"_links":{"self":[{"href":"https:\/\/otosoket.com\/index.php\/wp-json\/wp\/v2\/product\/61430","targetHints":{"allow":["GET"]}}],"collection":[{"href":"https:\/\/otosoket.com\/index.php\/wp-json\/wp\/v2\/product"}],"about":[{"href":"https:\/\/otosoket.com\/index.php\/wp-json\/wp\/v2\/types\/product"}],"wp:featuredmedia":[{"embeddable":true,"href":"https:\/\/otosoket.com\/index.php\/wp-json\/wp\/v2\/media\/63014"}],"wp:attachment":[{"href":"https:\/\/otosoket.com\/index.php\/wp-json\/wp\/v2\/media?parent=61430"}],"wp:term":[{"taxonomy":"product_brand","embeddable":true,"href":"https:\/\/otosoket.com\/index.php\/wp-json\/wp\/v2\/product_brand?post=61430"},{"taxonomy":"product_cat","embeddable":true,"href":"https:\/\/otosoket.com\/index.php\/wp-json\/wp\/v2\/product_cat?post=61430"},{"taxonomy":"product_tag","embeddable":true,"href":"https:\/\/otosoket.com\/index.php\/wp-json\/wp\/v2\/product_tag?post=61430"}],"curies":[{"name":"wp","href":"https:\/\/api.w.org\/{rel}","templated":true}]}}