{"id":61435,"date":"2025-12-01T07:42:12","date_gmt":"2025-12-01T07:42:12","guid":{"rendered":"https:\/\/otosoket.com\/?post_type=product&#038;p=61435"},"modified":"2026-03-10T09:15:56","modified_gmt":"2026-03-10T09:15:56","slug":"2k030-c","status":"publish","type":"product","link":"https:\/\/otosoket.com\/index.php\/product\/2k030-c\/","title":{"rendered":"2K030 C"},"content":{"rendered":"<p>________________________________________________________________________________________________________________________________________________________<\/p>\n<p><strong>OEM <\/strong><strong>Hararet M\u00fc\u015f\u00fcr\u00fc Soketi\u00a0<\/strong><strong>:\u00a0<\/strong><\/p>\n<p>________________________________________________________________________________________________________________________________________________________<\/p>\n<p>&nbsp;<\/p>\n<p>________________________________________________________________________________________________________________________________________________________<\/p>\n","protected":false},"excerpt":{"rendered":"<ul>\n<li><strong>Hararet M\u00fc\u015f\u00fcr\u00fc Soketi<\/strong><\/li>\n<\/ul>\n","protected":false},"featured_media":62917,"template":"","meta":[],"product_brand":[],"product_cat":[91,191],"product_tag":[],"class_list":{"0":"post-61435","1":"product","2":"type-product","3":"status-publish","4":"has-post-thumbnail","6":"product_cat-2-kablolu-soketler","7":"product_cat-yeni-urunler","9":"first","10":"instock","11":"taxable","12":"shipping-taxable","13":"purchasable","14":"product-type-simple"},"_links":{"self":[{"href":"https:\/\/otosoket.com\/index.php\/wp-json\/wp\/v2\/product\/61435","targetHints":{"allow":["GET"]}}],"collection":[{"href":"https:\/\/otosoket.com\/index.php\/wp-json\/wp\/v2\/product"}],"about":[{"href":"https:\/\/otosoket.com\/index.php\/wp-json\/wp\/v2\/types\/product"}],"wp:featuredmedia":[{"embeddable":true,"href":"https:\/\/otosoket.com\/index.php\/wp-json\/wp\/v2\/media\/62917"}],"wp:attachment":[{"href":"https:\/\/otosoket.com\/index.php\/wp-json\/wp\/v2\/media?parent=61435"}],"wp:term":[{"taxonomy":"product_brand","embeddable":true,"href":"https:\/\/otosoket.com\/index.php\/wp-json\/wp\/v2\/product_brand?post=61435"},{"taxonomy":"product_cat","embeddable":true,"href":"https:\/\/otosoket.com\/index.php\/wp-json\/wp\/v2\/product_cat?post=61435"},{"taxonomy":"product_tag","embeddable":true,"href":"https:\/\/otosoket.com\/index.php\/wp-json\/wp\/v2\/product_tag?post=61435"}],"curies":[{"name":"wp","href":"https:\/\/api.w.org\/{rel}","templated":true}]}}