{"id":61446,"date":"2025-12-01T10:02:47","date_gmt":"2025-12-01T10:02:47","guid":{"rendered":"https:\/\/otosoket.com\/?post_type=product&#038;p=61446"},"modified":"2026-03-10T12:00:05","modified_gmt":"2026-03-10T12:00:05","slug":"61446","status":"publish","type":"product","link":"https:\/\/otosoket.com\/index.php\/product\/61446\/","title":{"rendered":"2K104"},"content":{"rendered":"<p>________________________________________________________________________________________________________________________________________________________<\/p>\n<p><strong>OEM Yak\u0131t Seviye Sens\u00f6r\u00fc Soketi :<\/strong><span style=\"color: #ffffff;\"> TNC1862\/FT000TE159A\/90020171\/ETE5468\/<span dir=\"auto\">TC102.1279\/<\/span><\/span><\/p>\n<p>________________________________________________________________________________________________________________________________________________________<\/p>\n","protected":false},"excerpt":{"rendered":"<ul>\n<li><strong>Yak\u0131t Seviye Sens\u00f6r\u00fc Soketi<\/strong><\/li>\n<\/ul>\n","protected":false},"featured_media":63087,"template":"","meta":[],"product_brand":[],"product_cat":[91,191],"product_tag":[],"class_list":{"0":"post-61446","1":"product","2":"type-product","3":"status-publish","4":"has-post-thumbnail","6":"product_cat-2-kablolu-soketler","7":"product_cat-yeni-urunler","9":"first","10":"instock","11":"taxable","12":"shipping-taxable","13":"purchasable","14":"product-type-simple"},"_links":{"self":[{"href":"https:\/\/otosoket.com\/index.php\/wp-json\/wp\/v2\/product\/61446","targetHints":{"allow":["GET"]}}],"collection":[{"href":"https:\/\/otosoket.com\/index.php\/wp-json\/wp\/v2\/product"}],"about":[{"href":"https:\/\/otosoket.com\/index.php\/wp-json\/wp\/v2\/types\/product"}],"wp:featuredmedia":[{"embeddable":true,"href":"https:\/\/otosoket.com\/index.php\/wp-json\/wp\/v2\/media\/63087"}],"wp:attachment":[{"href":"https:\/\/otosoket.com\/index.php\/wp-json\/wp\/v2\/media?parent=61446"}],"wp:term":[{"taxonomy":"product_brand","embeddable":true,"href":"https:\/\/otosoket.com\/index.php\/wp-json\/wp\/v2\/product_brand?post=61446"},{"taxonomy":"product_cat","embeddable":true,"href":"https:\/\/otosoket.com\/index.php\/wp-json\/wp\/v2\/product_cat?post=61446"},{"taxonomy":"product_tag","embeddable":true,"href":"https:\/\/otosoket.com\/index.php\/wp-json\/wp\/v2\/product_tag?post=61446"}],"curies":[{"name":"wp","href":"https:\/\/api.w.org\/{rel}","templated":true}]}}