{"id":61452,"date":"2025-12-01T11:59:07","date_gmt":"2025-12-01T11:59:07","guid":{"rendered":"https:\/\/otosoket.com\/?post_type=product&#038;p=61452"},"modified":"2026-03-10T12:00:24","modified_gmt":"2026-03-10T12:00:24","slug":"2k105-b","status":"publish","type":"product","link":"https:\/\/otosoket.com\/index.php\/product\/2k105-b\/","title":{"rendered":"2K105 B"},"content":{"rendered":"<p>________________________________________________________________________________________________________________________________________________________<\/p>\n<p><strong>OEM Hava S\u0131cakl\u0131k Sens\u00f6r\u00fc Soketi :<\/strong> <span style=\"color: #ffffff;\">15449027 \/<\/span><\/p>\n<ul>\n<li>GM Hava S\u0131cakl\u0131k Sens\u00f6r\u00fc Soketi<\/li>\n<\/ul>\n<p>________________________________________________________________________________________________________________________________________________________<\/p>\n<p>&nbsp;<\/p>\n<p>________________________________________________________________________________________________________________________________________________________<\/p>\n","protected":false},"excerpt":{"rendered":"<ul>\n<li><strong>Hava S\u0131cakl\u0131k Sens\u00f6r\u00fc Soketi<\/strong><\/li>\n<\/ul>\n","protected":false},"featured_media":63064,"template":"","meta":[],"product_brand":[],"product_cat":[91,179,191],"product_tag":[],"class_list":{"0":"post-61452","1":"product","2":"type-product","3":"status-publish","4":"has-post-thumbnail","6":"product_cat-2-kablolu-soketler","7":"product_cat-gmc","8":"product_cat-yeni-urunler","10":"first","11":"instock","12":"taxable","13":"shipping-taxable","14":"purchasable","15":"product-type-simple"},"_links":{"self":[{"href":"https:\/\/otosoket.com\/index.php\/wp-json\/wp\/v2\/product\/61452","targetHints":{"allow":["GET"]}}],"collection":[{"href":"https:\/\/otosoket.com\/index.php\/wp-json\/wp\/v2\/product"}],"about":[{"href":"https:\/\/otosoket.com\/index.php\/wp-json\/wp\/v2\/types\/product"}],"wp:featuredmedia":[{"embeddable":true,"href":"https:\/\/otosoket.com\/index.php\/wp-json\/wp\/v2\/media\/63064"}],"wp:attachment":[{"href":"https:\/\/otosoket.com\/index.php\/wp-json\/wp\/v2\/media?parent=61452"}],"wp:term":[{"taxonomy":"product_brand","embeddable":true,"href":"https:\/\/otosoket.com\/index.php\/wp-json\/wp\/v2\/product_brand?post=61452"},{"taxonomy":"product_cat","embeddable":true,"href":"https:\/\/otosoket.com\/index.php\/wp-json\/wp\/v2\/product_cat?post=61452"},{"taxonomy":"product_tag","embeddable":true,"href":"https:\/\/otosoket.com\/index.php\/wp-json\/wp\/v2\/product_tag?post=61452"}],"curies":[{"name":"wp","href":"https:\/\/api.w.org\/{rel}","templated":true}]}}