{"id":61481,"date":"2025-12-02T14:55:20","date_gmt":"2025-12-02T14:55:20","guid":{"rendered":"https:\/\/otosoket.com\/?post_type=product&#038;p=61481"},"modified":"2026-03-10T11:24:08","modified_gmt":"2026-03-10T11:24:08","slug":"2k083-c","status":"publish","type":"product","link":"https:\/\/otosoket.com\/index.php\/product\/2k083-c\/","title":{"rendered":"2K083 C"},"content":{"rendered":"<p>________________________________________________________________________________________________________________________________________________________<\/p>\n<p><strong>OEM Abs Teker H\u0131z Sens\u00f6r\u00fc Soketi Soketi :\u00a0<\/strong> <span style=\"color: #ffffff;\">DJ7029A-2.2-21\/ 6185-0866\/6188-0553\/ 6918-1774\/ PB295-02050\/6185-0866 6185-1101 PB295-02050<\/span><\/p>\n<ul>\n<li>Nissan Abs Teker H\u0131z Sens\u00f6r\u00fc Soketi<\/li>\n<li>Subaru Abs Teker H\u0131z Sens\u00f6r\u00fc Soketi<\/li>\n<\/ul>\n<p>________________________________________________________________________________________________________________________________________________________<\/p>\n<p>&nbsp;<\/p>\n<p>________________________________________________________________________________________________________________________________________________________<\/p>\n","protected":false},"excerpt":{"rendered":"<ul>\n<li><strong> Abs Teker H\u0131z Sens\u00f6r\u00fc Soketi\u00a0<\/strong><\/li>\n<\/ul>\n","protected":false},"featured_media":63034,"template":"","meta":[],"product_brand":[],"product_cat":[91,105,171,191],"product_tag":[],"class_list":{"0":"post-61481","1":"product","2":"type-product","3":"status-publish","4":"has-post-thumbnail","6":"product_cat-2-kablolu-soketler","7":"product_cat-nissan","8":"product_cat-subaru","9":"product_cat-yeni-urunler","11":"first","12":"instock","13":"taxable","14":"shipping-taxable","15":"purchasable","16":"product-type-simple"},"_links":{"self":[{"href":"https:\/\/otosoket.com\/index.php\/wp-json\/wp\/v2\/product\/61481","targetHints":{"allow":["GET"]}}],"collection":[{"href":"https:\/\/otosoket.com\/index.php\/wp-json\/wp\/v2\/product"}],"about":[{"href":"https:\/\/otosoket.com\/index.php\/wp-json\/wp\/v2\/types\/product"}],"wp:featuredmedia":[{"embeddable":true,"href":"https:\/\/otosoket.com\/index.php\/wp-json\/wp\/v2\/media\/63034"}],"wp:attachment":[{"href":"https:\/\/otosoket.com\/index.php\/wp-json\/wp\/v2\/media?parent=61481"}],"wp:term":[{"taxonomy":"product_brand","embeddable":true,"href":"https:\/\/otosoket.com\/index.php\/wp-json\/wp\/v2\/product_brand?post=61481"},{"taxonomy":"product_cat","embeddable":true,"href":"https:\/\/otosoket.com\/index.php\/wp-json\/wp\/v2\/product_cat?post=61481"},{"taxonomy":"product_tag","embeddable":true,"href":"https:\/\/otosoket.com\/index.php\/wp-json\/wp\/v2\/product_tag?post=61481"}],"curies":[{"name":"wp","href":"https:\/\/api.w.org\/{rel}","templated":true}]}}