{"id":61524,"date":"2025-12-05T12:11:45","date_gmt":"2025-12-05T12:11:45","guid":{"rendered":"https:\/\/otosoket.com\/?post_type=product&#038;p=61524"},"modified":"2026-03-11T10:07:56","modified_gmt":"2026-03-11T10:07:56","slug":"3k083","status":"publish","type":"product","link":"https:\/\/otosoket.com\/index.php\/product\/3k083\/","title":{"rendered":"3K083"},"content":{"rendered":"<p>________________________________________________________________________________________________________________________________________________________<\/p>\n<p><strong>OEM\u00a0<\/strong><b><span dir=\"auto\">Fren Balatas\u0131 A\u015f\u0131nma <\/span><\/b><strong>Soketi :<\/strong> <span style=\"color: #ffffff;\">DJ3035Y-2.5-21\/443971920\/ 443972921E\/4A0971261\/<\/span><\/p>\n<ul>\n<li><span dir=\"auto\">Volkswagen Fren Balatas\u0131 A\u015f\u0131nma <\/span>Soketi<\/li>\n<\/ul>\n<p>________________________________________________________________________________________________________________________________________________________________________________________________________________________________________________________________________________________________________________<\/p>\n","protected":false},"excerpt":{"rendered":"<ul>\n<li><b><span dir=\"auto\">Fren Balatas\u0131 A\u015f\u0131nma <\/span><\/b><strong>Soketi<\/strong><\/li>\n<\/ul>\n","protected":false},"featured_media":63234,"template":"","meta":[],"product_brand":[],"product_cat":[92,110,191],"product_tag":[],"class_list":{"0":"post-61524","1":"product","2":"type-product","3":"status-publish","4":"has-post-thumbnail","6":"product_cat-3-kablolu-soketler","7":"product_cat-volkswagen","8":"product_cat-yeni-urunler","10":"first","11":"instock","12":"taxable","13":"shipping-taxable","14":"purchasable","15":"product-type-simple"},"_links":{"self":[{"href":"https:\/\/otosoket.com\/index.php\/wp-json\/wp\/v2\/product\/61524","targetHints":{"allow":["GET"]}}],"collection":[{"href":"https:\/\/otosoket.com\/index.php\/wp-json\/wp\/v2\/product"}],"about":[{"href":"https:\/\/otosoket.com\/index.php\/wp-json\/wp\/v2\/types\/product"}],"wp:featuredmedia":[{"embeddable":true,"href":"https:\/\/otosoket.com\/index.php\/wp-json\/wp\/v2\/media\/63234"}],"wp:attachment":[{"href":"https:\/\/otosoket.com\/index.php\/wp-json\/wp\/v2\/media?parent=61524"}],"wp:term":[{"taxonomy":"product_brand","embeddable":true,"href":"https:\/\/otosoket.com\/index.php\/wp-json\/wp\/v2\/product_brand?post=61524"},{"taxonomy":"product_cat","embeddable":true,"href":"https:\/\/otosoket.com\/index.php\/wp-json\/wp\/v2\/product_cat?post=61524"},{"taxonomy":"product_tag","embeddable":true,"href":"https:\/\/otosoket.com\/index.php\/wp-json\/wp\/v2\/product_tag?post=61524"}],"curies":[{"name":"wp","href":"https:\/\/api.w.org\/{rel}","templated":true}]}}