{"id":61537,"date":"2025-12-05T15:11:21","date_gmt":"2025-12-05T15:11:21","guid":{"rendered":"https:\/\/otosoket.com\/?post_type=product&#038;p=61537"},"modified":"2026-03-11T12:57:39","modified_gmt":"2026-03-11T12:57:39","slug":"4k084","status":"publish","type":"product","link":"https:\/\/otosoket.com\/index.php\/product\/4k084\/","title":{"rendered":"4K084"},"content":{"rendered":"<p>________________________________________________________________________________________________________________________________________________________<\/p>\n<p><strong>OEM G\u00fcnd\u00fcz Far\u0131&amp;Sis Far\u0131 Soketi :<\/strong> <span style=\"color: #ffffff;\">dj70416c-1.5-21\/6181-6783 6189-7409\/<\/span><\/p>\n<ul>\n<li>Acura G\u00fcnd\u00fcz Far\u0131&amp;Sis Far\u0131 Soketi<\/li>\n<li>Honda G\u00fcnd\u00fcz Far\u0131&amp;Sis Far\u0131 Soketi<\/li>\n<\/ul>\n<p>________________________________________________________________________________________________________________________________________________________<\/p>\n<p>&nbsp;<\/p>\n<p>________________________________________________________________________________________________________________________________________________________<\/p>\n","protected":false},"excerpt":{"rendered":"<ul>\n<li><strong> G\u00fcnd\u00fcz Far\u0131&amp;Sis Far\u0131 Soketi<\/strong><\/li>\n<\/ul>\n","protected":false},"featured_media":63371,"template":"","meta":[],"product_brand":[],"product_cat":[93,152,111,191],"product_tag":[],"class_list":{"0":"post-61537","1":"product","2":"type-product","3":"status-publish","4":"has-post-thumbnail","6":"product_cat-4-kablolu-soketler","7":"product_cat-acura","8":"product_cat-honda","9":"product_cat-yeni-urunler","11":"first","12":"instock","13":"taxable","14":"shipping-taxable","15":"purchasable","16":"product-type-simple"},"_links":{"self":[{"href":"https:\/\/otosoket.com\/index.php\/wp-json\/wp\/v2\/product\/61537","targetHints":{"allow":["GET"]}}],"collection":[{"href":"https:\/\/otosoket.com\/index.php\/wp-json\/wp\/v2\/product"}],"about":[{"href":"https:\/\/otosoket.com\/index.php\/wp-json\/wp\/v2\/types\/product"}],"wp:featuredmedia":[{"embeddable":true,"href":"https:\/\/otosoket.com\/index.php\/wp-json\/wp\/v2\/media\/63371"}],"wp:attachment":[{"href":"https:\/\/otosoket.com\/index.php\/wp-json\/wp\/v2\/media?parent=61537"}],"wp:term":[{"taxonomy":"product_brand","embeddable":true,"href":"https:\/\/otosoket.com\/index.php\/wp-json\/wp\/v2\/product_brand?post=61537"},{"taxonomy":"product_cat","embeddable":true,"href":"https:\/\/otosoket.com\/index.php\/wp-json\/wp\/v2\/product_cat?post=61537"},{"taxonomy":"product_tag","embeddable":true,"href":"https:\/\/otosoket.com\/index.php\/wp-json\/wp\/v2\/product_tag?post=61537"}],"curies":[{"name":"wp","href":"https:\/\/api.w.org\/{rel}","templated":true}]}}