{"id":61551,"date":"2025-12-15T13:40:47","date_gmt":"2025-12-15T13:40:47","guid":{"rendered":"https:\/\/otosoket.com\/?post_type=product&#038;p=61551"},"modified":"2026-03-11T12:57:50","modified_gmt":"2026-03-11T12:57:50","slug":"4k086","status":"publish","type":"product","link":"https:\/\/otosoket.com\/index.php\/product\/4k086\/","title":{"rendered":"4K086"},"content":{"rendered":"<p>________________________________________________________________________________________________________________________________________________________<\/p>\n<p><strong>OEM Fan Soketi :<\/strong> <span style=\"color: #ffffff;\">DJ7049-2.2-21\/6185-1171 6188-0558\/6915093696679\/8058642433399\/5903107325180\/8718042107183\/4045385086887\/4057276774780\/8058642433399\/<\/span><\/p>\n<ul>\n<li><span class=\"mat-content ng-tns-c2622717266-120 mat-content-hide-toggle\">NISSAN Fan Soketi <\/span><span style=\"color: #ffffff;\"><span class=\"mdc-list-item__content\"><span class=\"mat-mdc-list-item-unscoped-content mdc-list-item__primary-text\">21481-CA000\/<\/span><\/span>21481-CA00A\/21481-CA00B<\/span><\/li>\n<li><span class=\"mat-content ng-tns-c2622717266-253 mat-content-hide-toggle\">RENAULT Fan Soketi <\/span><span class=\"mdc-list-item__content\" style=\"color: #ffffff;\"><span class=\"mat-mdc-list-item-unscoped-content mdc-list-item__primary-text\">21481CA00B<\/span><\/span><\/li>\n<li><span class=\"mat-content ng-tns-c2622717266-184 mat-content-hide-toggle\">VOLVO Fan Soketi <\/span><span style=\"color: #ffffff;\"><span class=\"mdc-list-item__content\"><span class=\"mat-mdc-list-item-unscoped-content mdc-list-item__primary-text\">21481CA000\/<\/span><\/span>85089<\/span><\/li>\n<\/ul>\n<p>________________________________________________________________________________________________________________________________________________________<\/p>\n<div class=\"node-name\"><strong>NISSAN<span class=\"mat-content ng-tns-c2622717266-120 mat-content-hide-toggle\"> Fan Soketi <\/span><\/strong><\/div>\n<div><\/div>\n<div class=\"node-name\">MURANO I (Z50)<span class=\"mat-content ng-tns-c2622717266-120 mat-content-hide-toggle\"> Fan Soketi <\/span><\/div>\n<div class=\"linkage-target-data-table linkage-target-data-table--passengerCar ng-star-inserted\">\n<table class=\"mat-mdc-table mdc-data-table__table cdk-table mat-sort vehicle-table ng-star-inserted\" role=\"table\" aria-label=\"Linkage Target Data Table\">\n<thead class=\"ng-star-inserted\" role=\"rowgroup\">\n<tr class=\"mat-mdc-header-row mdc-data-table__header-row cdk-header-row ng-star-inserted\" role=\"row\">\n<th class=\"mat-sort-header mat-mdc-header-cell mdc-data-table__header-cell cdk-header-cell ng-tns-c1137168538-121 cdk-column-linkageTarget mat-column-linkageTarget mat-sort-header-disabled ng-star-inserted mat-mdc-table-sticky mat-mdc-table-sticky-border-elem-top\" role=\"columnheader\" scope=\"col\" aria-sort=\"none\">\n<div class=\"mat-sort-header-container mat-focus-indicator ng-tns-c1137168538-121\" aria-describedby=\"cdk-describedby-message-rxpApp-1-2\">\n<div class=\"mat-sort-header-content ng-tns-c1137168538-121\">Bilgi<\/div>\n<\/div>\n<\/th>\n<th class=\"mat-sort-header mat-mdc-header-cell mdc-data-table__header-cell cdk-header-cell ng-tns-c1137168538-122 cdk-column-name mat-column-name ng-star-inserted mat-mdc-table-sticky mat-mdc-table-sticky-border-elem-top\" role=\"columnheader\" scope=\"col\" aria-sort=\"none\">\n<div class=\"mat-sort-header-container mat-focus-indicator ng-tns-c1137168538-122\" tabindex=\"0\" role=\"button\" aria-describedby=\"cdk-describedby-message-rxpApp-1-2\">\n<div class=\"mat-sort-header-content ng-tns-c1137168538-122\">Tip<\/div>\n<div class=\"mat-sort-header-arrow ng-trigger ng-trigger-arrowPosition ng-tns-c1137168538-122 ng-star-inserted\">\n<div class=\"mat-sort-header-stem ng-tns-c1137168538-122\"><\/div>\n<div class=\"mat-sort-header-indicator ng-tns-c1137168538-122 ng-trigger ng-trigger-indicator\">\n<div class=\"mat-sort-header-pointer-left ng-tns-c1137168538-122 ng-trigger ng-trigger-leftPointer\"><\/div>\n<div class=\"mat-sort-header-pointer-right ng-tns-c1137168538-122 ng-trigger ng-trigger-rightPointer\"><\/div>\n<div class=\"mat-sort-header-pointer-middle ng-tns-c1137168538-122\"><\/div>\n<\/div>\n<\/div>\n<\/div>\n<\/th>\n<th class=\"mat-sort-header mat-mdc-header-cell mdc-data-table__header-cell cdk-header-cell ng-tns-c1137168538-123 cdk-column-constructionYears mat-column-constructionYears ng-star-inserted mat-mdc-table-sticky mat-mdc-table-sticky-border-elem-top\" role=\"columnheader\" scope=\"col\" aria-sort=\"none\">\n<div class=\"mat-sort-header-container mat-focus-indicator ng-tns-c1137168538-123\" tabindex=\"0\" role=\"button\" aria-describedby=\"cdk-describedby-message-rxpApp-1-2\">\n<div class=\"mat-sort-header-content ng-tns-c1137168538-123\">\u00dcretim y\u0131l\u0131<\/div>\n<div class=\"mat-sort-header-arrow ng-trigger ng-trigger-arrowPosition ng-tns-c1137168538-123 ng-star-inserted\">\n<div class=\"mat-sort-header-stem ng-tns-c1137168538-123\"><\/div>\n<div class=\"mat-sort-header-indicator ng-tns-c1137168538-123 ng-trigger ng-trigger-indicator\">\n<div class=\"mat-sort-header-pointer-left ng-tns-c1137168538-123 ng-trigger ng-trigger-leftPointer\"><\/div>\n<div class=\"mat-sort-header-pointer-right ng-tns-c1137168538-123 ng-trigger ng-trigger-rightPointer\"><\/div>\n<div class=\"mat-sort-header-pointer-middle ng-tns-c1137168538-123\"><\/div>\n<\/div>\n<\/div>\n<\/div>\n<\/th>\n<th class=\"mat-sort-header mat-mdc-header-cell mdc-data-table__header-cell cdk-header-cell ng-tns-c1137168538-124 cdk-column-enginePowerKW mat-column-enginePowerKW ng-star-inserted mat-mdc-table-sticky mat-mdc-table-sticky-border-elem-top\" role=\"columnheader\" scope=\"col\" aria-sort=\"none\">\n<div class=\"mat-sort-header-container mat-focus-indicator ng-tns-c1137168538-124\" tabindex=\"0\" role=\"button\" aria-describedby=\"cdk-describedby-message-rxpApp-1-2\">\n<div class=\"mat-sort-header-content ng-tns-c1137168538-124\">kW<\/div>\n<div class=\"mat-sort-header-arrow ng-trigger ng-trigger-arrowPosition ng-tns-c1137168538-124 ng-star-inserted\">\n<div class=\"mat-sort-header-stem ng-tns-c1137168538-124\"><\/div>\n<div class=\"mat-sort-header-indicator ng-tns-c1137168538-124 ng-trigger ng-trigger-indicator\">\n<div class=\"mat-sort-header-pointer-left ng-tns-c1137168538-124 ng-trigger ng-trigger-leftPointer\"><\/div>\n<div class=\"mat-sort-header-pointer-right ng-tns-c1137168538-124 ng-trigger ng-trigger-rightPointer\"><\/div>\n<div class=\"mat-sort-header-pointer-middle ng-tns-c1137168538-124\"><\/div>\n<\/div>\n<\/div>\n<\/div>\n<\/th>\n<th class=\"mat-sort-header mat-mdc-header-cell mdc-data-table__header-cell cdk-header-cell ng-tns-c1137168538-125 cdk-column-enginePowerHP mat-column-enginePowerHP ng-star-inserted mat-mdc-table-sticky mat-mdc-table-sticky-border-elem-top\" role=\"columnheader\" scope=\"col\" aria-sort=\"none\">\n<div class=\"mat-sort-header-container mat-focus-indicator ng-tns-c1137168538-125\" tabindex=\"0\" role=\"button\" aria-describedby=\"cdk-describedby-message-rxpApp-1-2\">\n<div class=\"mat-sort-header-content ng-tns-c1137168538-125\">Beygir g\u00fcc\u00fc<\/div>\n<div class=\"mat-sort-header-arrow ng-trigger ng-trigger-arrowPosition ng-tns-c1137168538-125 ng-star-inserted\">\n<div class=\"mat-sort-header-stem ng-tns-c1137168538-125\"><\/div>\n<div class=\"mat-sort-header-indicator ng-tns-c1137168538-125 ng-trigger ng-trigger-indicator\">\n<div class=\"mat-sort-header-pointer-left ng-tns-c1137168538-125 ng-trigger ng-trigger-leftPointer\"><\/div>\n<div class=\"mat-sort-header-pointer-right ng-tns-c1137168538-125 ng-trigger ng-trigger-rightPointer\"><\/div>\n<div class=\"mat-sort-header-pointer-middle ng-tns-c1137168538-125\"><\/div>\n<\/div>\n<\/div>\n<\/div>\n<\/th>\n<th class=\"mat-sort-header mat-mdc-header-cell mdc-data-table__header-cell cdk-header-cell ng-tns-c1137168538-126 cdk-column-displacementCCM mat-column-displacementCCM ng-star-inserted mat-mdc-table-sticky mat-mdc-table-sticky-border-elem-top\" role=\"columnheader\" scope=\"col\" aria-sort=\"none\">\n<div class=\"mat-sort-header-container mat-focus-indicator ng-tns-c1137168538-126\" tabindex=\"0\" role=\"button\" aria-describedby=\"cdk-describedby-message-rxpApp-1-2\">\n<div class=\"mat-sort-header-content ng-tns-c1137168538-126\">cc<\/div>\n<div class=\"mat-sort-header-arrow ng-trigger ng-trigger-arrowPosition ng-tns-c1137168538-126 ng-star-inserted\">\n<div class=\"mat-sort-header-stem ng-tns-c1137168538-126\"><\/div>\n<div class=\"mat-sort-header-indicator ng-tns-c1137168538-126 ng-trigger ng-trigger-indicator\">\n<div class=\"mat-sort-header-pointer-left ng-tns-c1137168538-126 ng-trigger ng-trigger-leftPointer\"><\/div>\n<div class=\"mat-sort-header-pointer-right ng-tns-c1137168538-126 ng-trigger ng-trigger-rightPointer\"><\/div>\n<div class=\"mat-sort-header-pointer-middle ng-tns-c1137168538-126\"><\/div>\n<\/div>\n<\/div>\n<\/div>\n<\/th>\n<th class=\"mat-sort-header mat-mdc-header-cell mdc-data-table__header-cell cdk-header-cell ng-tns-c1137168538-127 cdk-column-engineCodes mat-column-engineCodes ng-star-inserted mat-mdc-table-sticky mat-mdc-table-sticky-border-elem-top\" role=\"columnheader\" scope=\"col\" aria-sort=\"none\">\n<div class=\"mat-sort-header-container mat-focus-indicator ng-tns-c1137168538-127\" tabindex=\"0\" role=\"button\" aria-describedby=\"cdk-describedby-message-rxpApp-1-2\">\n<div class=\"mat-sort-header-content ng-tns-c1137168538-127\">Motor kodu\/kodlar\u0131<\/div>\n<div class=\"mat-sort-header-arrow ng-trigger ng-trigger-arrowPosition ng-tns-c1137168538-127 ng-star-inserted\">\n<div class=\"mat-sort-header-stem ng-tns-c1137168538-127\"><\/div>\n<div class=\"mat-sort-header-indicator ng-tns-c1137168538-127 ng-trigger ng-trigger-indicator\">\n<div class=\"mat-sort-header-pointer-left ng-tns-c1137168538-127 ng-trigger ng-trigger-leftPointer\"><\/div>\n<div class=\"mat-sort-header-pointer-right ng-tns-c1137168538-127 ng-trigger ng-trigger-rightPointer\"><\/div>\n<div class=\"mat-sort-header-pointer-middle ng-tns-c1137168538-127\"><\/div>\n<\/div>\n<\/div>\n<\/div>\n<\/th>\n<th class=\"mat-sort-header mat-mdc-header-cell mdc-data-table__header-cell cdk-header-cell ng-tns-c1137168538-128 cdk-column-kbaNumbers mat-column-kbaNumbers ng-star-inserted mat-mdc-table-sticky mat-mdc-table-sticky-border-elem-top\" role=\"columnheader\" scope=\"col\" aria-sort=\"none\">\n<div class=\"mat-sort-header-container mat-focus-indicator ng-tns-c1137168538-128\" tabindex=\"0\" role=\"button\" aria-describedby=\"cdk-describedby-message-rxpApp-1-2\">\n<div class=\"mat-sort-header-content ng-tns-c1137168538-128\">KBA numaras\u0131 (Almanya)<\/div>\n<div class=\"mat-sort-header-arrow ng-trigger ng-trigger-arrowPosition ng-tns-c1137168538-128 ng-star-inserted\">\n<div class=\"mat-sort-header-stem ng-tns-c1137168538-128\"><\/div>\n<div class=\"mat-sort-header-indicator ng-tns-c1137168538-128 ng-trigger ng-trigger-indicator\">\n<div class=\"mat-sort-header-pointer-left ng-tns-c1137168538-128 ng-trigger ng-trigger-leftPointer\"><\/div>\n<div class=\"mat-sort-header-pointer-right ng-tns-c1137168538-128 ng-trigger ng-trigger-rightPointer\"><\/div>\n<div class=\"mat-sort-header-pointer-middle ng-tns-c1137168538-128\"><\/div>\n<\/div>\n<\/div>\n<\/div>\n<\/th>\n<\/tr>\n<\/thead>\n<tbody class=\"mdc-data-table__content ng-star-inserted\" role=\"rowgroup\">\n<tr class=\"mat-mdc-row mdc-data-table__row cdk-row ng-star-inserted\" tabindex=\"0\" role=\"row\">\n<td class=\"mat-mdc-cell mdc-data-table__cell cdk-cell cdk-column-linkageTarget mat-column-linkageTarget ng-star-inserted\"><\/td>\n<td class=\"mat-mdc-cell mdc-data-table__cell cdk-cell cdk-column-name mat-column-name ng-star-inserted\">3.5 4&#215;4<\/td>\n<td class=\"mat-mdc-cell mdc-data-table__cell cdk-cell cdk-column-constructionYears mat-column-constructionYears ng-star-inserted\">08.2003 &#8211; 09.2008<\/td>\n<td class=\"mat-mdc-cell mdc-data-table__cell cdk-cell cdk-column-enginePowerKW mat-column-enginePowerKW ng-star-inserted\">172<\/td>\n<td class=\"mat-mdc-cell mdc-data-table__cell cdk-cell cdk-column-enginePowerHP mat-column-enginePowerHP ng-star-inserted\">234<\/td>\n<td class=\"mat-mdc-cell mdc-data-table__cell cdk-cell cdk-column-displacementCCM mat-column-displacementCCM ng-star-inserted\">3498<\/td>\n<td class=\"mat-mdc-cell mdc-data-table__cell cdk-cell cdk-column-engineCodes mat-column-engineCodes ng-star-inserted\">\n<div class=\"saam-cell--line-clamp ng-star-inserted\"><\/div>\n<\/td>\n<td class=\"mat-mdc-cell mdc-data-table__cell cdk-cell cdk-column-kbaNumbers mat-column-kbaNumbers ng-star-inserted\">\n<div class=\"saam-cell--line-clamp ng-star-inserted\"><span class=\"csv ng-star-inserted\">1329ABQ\u00a0<\/span><span class=\"csv ng-star-inserted\">3144AEY\u00a0<\/span><span class=\"csv ng-star-inserted\">3144083<\/span><\/div>\n<\/td>\n<\/tr>\n<\/tbody>\n<\/table>\n<div class=\"node-name\">MURANO II (Z51)<span class=\"mat-content ng-tns-c2622717266-120 mat-content-hide-toggle\"> Fan Soketi <\/span><\/div>\n<div class=\"linkage-target-data-table linkage-target-data-table--passengerCar ng-star-inserted\">\n<table class=\"mat-mdc-table mdc-data-table__table cdk-table mat-sort vehicle-table ng-star-inserted\" role=\"table\" aria-label=\"Linkage Target Data Table\">\n<thead class=\"ng-star-inserted\" role=\"rowgroup\">\n<tr class=\"mat-mdc-header-row mdc-data-table__header-row cdk-header-row ng-star-inserted\" role=\"row\">\n<th class=\"mat-sort-header mat-mdc-header-cell mdc-data-table__header-cell cdk-header-cell ng-tns-c1137168538-312 cdk-column-linkageTarget mat-column-linkageTarget mat-sort-header-disabled ng-star-inserted mat-mdc-table-sticky mat-mdc-table-sticky-border-elem-top\" role=\"columnheader\" scope=\"col\" aria-sort=\"none\">\n<div class=\"mat-sort-header-container mat-focus-indicator ng-tns-c1137168538-312\" aria-describedby=\"cdk-describedby-message-rxpApp-1-3\">\n<div class=\"mat-sort-header-content ng-tns-c1137168538-312\">Bilgi<\/div>\n<\/div>\n<\/th>\n<th class=\"mat-sort-header mat-mdc-header-cell mdc-data-table__header-cell cdk-header-cell ng-tns-c1137168538-313 cdk-column-name mat-column-name ng-star-inserted mat-mdc-table-sticky mat-mdc-table-sticky-border-elem-top\" role=\"columnheader\" scope=\"col\" aria-sort=\"none\">\n<div class=\"mat-sort-header-container mat-focus-indicator ng-tns-c1137168538-313\" tabindex=\"0\" role=\"button\" aria-describedby=\"cdk-describedby-message-rxpApp-1-3\">\n<div class=\"mat-sort-header-content ng-tns-c1137168538-313\">Tip<\/div>\n<div class=\"mat-sort-header-arrow ng-trigger ng-trigger-arrowPosition ng-tns-c1137168538-313 ng-star-inserted\">\n<div class=\"mat-sort-header-stem ng-tns-c1137168538-313\"><\/div>\n<div class=\"mat-sort-header-indicator ng-tns-c1137168538-313 ng-trigger ng-trigger-indicator\">\n<div class=\"mat-sort-header-pointer-left ng-tns-c1137168538-313 ng-trigger ng-trigger-leftPointer\"><\/div>\n<div class=\"mat-sort-header-pointer-right ng-tns-c1137168538-313 ng-trigger ng-trigger-rightPointer\"><\/div>\n<div class=\"mat-sort-header-pointer-middle ng-tns-c1137168538-313\"><\/div>\n<\/div>\n<\/div>\n<\/div>\n<\/th>\n<th class=\"mat-sort-header mat-mdc-header-cell mdc-data-table__header-cell cdk-header-cell ng-tns-c1137168538-314 cdk-column-constructionYears mat-column-constructionYears ng-star-inserted mat-mdc-table-sticky mat-mdc-table-sticky-border-elem-top\" role=\"columnheader\" scope=\"col\" aria-sort=\"none\">\n<div class=\"mat-sort-header-container mat-focus-indicator ng-tns-c1137168538-314\" tabindex=\"0\" role=\"button\" aria-describedby=\"cdk-describedby-message-rxpApp-1-3\">\n<div class=\"mat-sort-header-content ng-tns-c1137168538-314\">\u00dcretim y\u0131l\u0131<\/div>\n<div class=\"mat-sort-header-arrow ng-trigger ng-trigger-arrowPosition ng-tns-c1137168538-314 ng-star-inserted\">\n<div class=\"mat-sort-header-stem ng-tns-c1137168538-314\"><\/div>\n<div class=\"mat-sort-header-indicator ng-tns-c1137168538-314 ng-trigger ng-trigger-indicator\">\n<div class=\"mat-sort-header-pointer-left ng-tns-c1137168538-314 ng-trigger ng-trigger-leftPointer\"><\/div>\n<div class=\"mat-sort-header-pointer-right ng-tns-c1137168538-314 ng-trigger ng-trigger-rightPointer\"><\/div>\n<div class=\"mat-sort-header-pointer-middle ng-tns-c1137168538-314\"><\/div>\n<\/div>\n<\/div>\n<\/div>\n<\/th>\n<th class=\"mat-sort-header mat-mdc-header-cell mdc-data-table__header-cell cdk-header-cell ng-tns-c1137168538-315 cdk-column-enginePowerKW mat-column-enginePowerKW ng-star-inserted mat-mdc-table-sticky mat-mdc-table-sticky-border-elem-top\" role=\"columnheader\" scope=\"col\" aria-sort=\"none\">\n<div class=\"mat-sort-header-container mat-focus-indicator ng-tns-c1137168538-315\" tabindex=\"0\" role=\"button\" aria-describedby=\"cdk-describedby-message-rxpApp-1-3\">\n<div class=\"mat-sort-header-content ng-tns-c1137168538-315\">kW<\/div>\n<div class=\"mat-sort-header-arrow ng-trigger ng-trigger-arrowPosition ng-tns-c1137168538-315 ng-star-inserted\">\n<div class=\"mat-sort-header-stem ng-tns-c1137168538-315\"><\/div>\n<div class=\"mat-sort-header-indicator ng-tns-c1137168538-315 ng-trigger ng-trigger-indicator\">\n<div class=\"mat-sort-header-pointer-left ng-tns-c1137168538-315 ng-trigger ng-trigger-leftPointer\"><\/div>\n<div class=\"mat-sort-header-pointer-right ng-tns-c1137168538-315 ng-trigger ng-trigger-rightPointer\"><\/div>\n<div class=\"mat-sort-header-pointer-middle ng-tns-c1137168538-315\"><\/div>\n<\/div>\n<\/div>\n<\/div>\n<\/th>\n<th class=\"mat-sort-header mat-mdc-header-cell mdc-data-table__header-cell cdk-header-cell ng-tns-c1137168538-316 cdk-column-enginePowerHP mat-column-enginePowerHP ng-star-inserted mat-mdc-table-sticky mat-mdc-table-sticky-border-elem-top\" role=\"columnheader\" scope=\"col\" aria-sort=\"none\">\n<div class=\"mat-sort-header-container mat-focus-indicator ng-tns-c1137168538-316\" tabindex=\"0\" role=\"button\" aria-describedby=\"cdk-describedby-message-rxpApp-1-3\">\n<div class=\"mat-sort-header-content ng-tns-c1137168538-316\">Beygir g\u00fcc\u00fc<\/div>\n<div class=\"mat-sort-header-arrow ng-trigger ng-trigger-arrowPosition ng-tns-c1137168538-316 ng-star-inserted\">\n<div class=\"mat-sort-header-stem ng-tns-c1137168538-316\"><\/div>\n<div class=\"mat-sort-header-indicator ng-tns-c1137168538-316 ng-trigger ng-trigger-indicator\">\n<div class=\"mat-sort-header-pointer-left ng-tns-c1137168538-316 ng-trigger ng-trigger-leftPointer\"><\/div>\n<div class=\"mat-sort-header-pointer-right ng-tns-c1137168538-316 ng-trigger ng-trigger-rightPointer\"><\/div>\n<div class=\"mat-sort-header-pointer-middle ng-tns-c1137168538-316\"><\/div>\n<\/div>\n<\/div>\n<\/div>\n<\/th>\n<th class=\"mat-sort-header mat-mdc-header-cell mdc-data-table__header-cell cdk-header-cell ng-tns-c1137168538-317 cdk-column-displacementCCM mat-column-displacementCCM ng-star-inserted mat-mdc-table-sticky mat-mdc-table-sticky-border-elem-top\" role=\"columnheader\" scope=\"col\" aria-sort=\"none\">\n<div class=\"mat-sort-header-container mat-focus-indicator ng-tns-c1137168538-317\" tabindex=\"0\" role=\"button\" aria-describedby=\"cdk-describedby-message-rxpApp-1-3\">\n<div class=\"mat-sort-header-content ng-tns-c1137168538-317\">cc<\/div>\n<div class=\"mat-sort-header-arrow ng-trigger ng-trigger-arrowPosition ng-tns-c1137168538-317 ng-star-inserted\">\n<div class=\"mat-sort-header-stem ng-tns-c1137168538-317\"><\/div>\n<div class=\"mat-sort-header-indicator ng-tns-c1137168538-317 ng-trigger ng-trigger-indicator\">\n<div class=\"mat-sort-header-pointer-left ng-tns-c1137168538-317 ng-trigger ng-trigger-leftPointer\"><\/div>\n<div class=\"mat-sort-header-pointer-right ng-tns-c1137168538-317 ng-trigger ng-trigger-rightPointer\"><\/div>\n<div class=\"mat-sort-header-pointer-middle ng-tns-c1137168538-317\"><\/div>\n<\/div>\n<\/div>\n<\/div>\n<\/th>\n<th class=\"mat-sort-header mat-mdc-header-cell mdc-data-table__header-cell cdk-header-cell ng-tns-c1137168538-318 cdk-column-engineCodes mat-column-engineCodes ng-star-inserted mat-mdc-table-sticky mat-mdc-table-sticky-border-elem-top\" role=\"columnheader\" scope=\"col\" aria-sort=\"none\">\n<div class=\"mat-sort-header-container mat-focus-indicator ng-tns-c1137168538-318\" tabindex=\"0\" role=\"button\" aria-describedby=\"cdk-describedby-message-rxpApp-1-3\">\n<div class=\"mat-sort-header-content ng-tns-c1137168538-318\">Motor kodu\/kodlar\u0131<\/div>\n<div class=\"mat-sort-header-arrow ng-trigger ng-trigger-arrowPosition ng-tns-c1137168538-318 ng-star-inserted\">\n<div class=\"mat-sort-header-stem ng-tns-c1137168538-318\"><\/div>\n<div class=\"mat-sort-header-indicator ng-tns-c1137168538-318 ng-trigger ng-trigger-indicator\">\n<div class=\"mat-sort-header-pointer-left ng-tns-c1137168538-318 ng-trigger ng-trigger-leftPointer\"><\/div>\n<div class=\"mat-sort-header-pointer-right ng-tns-c1137168538-318 ng-trigger ng-trigger-rightPointer\"><\/div>\n<div class=\"mat-sort-header-pointer-middle ng-tns-c1137168538-318\"><\/div>\n<\/div>\n<\/div>\n<\/div>\n<\/th>\n<th class=\"mat-sort-header mat-mdc-header-cell mdc-data-table__header-cell cdk-header-cell ng-tns-c1137168538-319 cdk-column-kbaNumbers mat-column-kbaNumbers ng-star-inserted mat-mdc-table-sticky mat-mdc-table-sticky-border-elem-top\" role=\"columnheader\" scope=\"col\" aria-sort=\"none\">\n<div class=\"mat-sort-header-container mat-focus-indicator ng-tns-c1137168538-319\" tabindex=\"0\" role=\"button\" aria-describedby=\"cdk-describedby-message-rxpApp-1-3\">\n<div class=\"mat-sort-header-content ng-tns-c1137168538-319\">KBA numaras\u0131 (Almanya)<\/div>\n<div class=\"mat-sort-header-arrow ng-trigger ng-trigger-arrowPosition ng-tns-c1137168538-319 ng-star-inserted\">\n<div class=\"mat-sort-header-stem ng-tns-c1137168538-319\"><\/div>\n<div class=\"mat-sort-header-indicator ng-tns-c1137168538-319 ng-trigger ng-trigger-indicator\">\n<div class=\"mat-sort-header-pointer-left ng-tns-c1137168538-319 ng-trigger ng-trigger-leftPointer\"><\/div>\n<div class=\"mat-sort-header-pointer-right ng-tns-c1137168538-319 ng-trigger ng-trigger-rightPointer\"><\/div>\n<div class=\"mat-sort-header-pointer-middle ng-tns-c1137168538-319\"><\/div>\n<\/div>\n<\/div>\n<\/div>\n<\/th>\n<\/tr>\n<\/thead>\n<tbody class=\"mdc-data-table__content ng-star-inserted\" role=\"rowgroup\">\n<tr class=\"mat-mdc-row mdc-data-table__row cdk-row ng-star-inserted\" tabindex=\"0\" role=\"row\">\n<td class=\"mat-mdc-cell mdc-data-table__cell cdk-cell cdk-column-linkageTarget mat-column-linkageTarget ng-star-inserted\"><\/td>\n<td class=\"mat-mdc-cell mdc-data-table__cell cdk-cell cdk-column-name mat-column-name ng-star-inserted\">3.5 4&#215;4<\/td>\n<td class=\"mat-mdc-cell mdc-data-table__cell cdk-cell cdk-column-constructionYears mat-column-constructionYears ng-star-inserted\">10.2008 &#8211; 09.2014<\/td>\n<td class=\"mat-mdc-cell mdc-data-table__cell cdk-cell cdk-column-enginePowerKW mat-column-enginePowerKW ng-star-inserted\">188<\/td>\n<td class=\"mat-mdc-cell mdc-data-table__cell cdk-cell cdk-column-enginePowerHP mat-column-enginePowerHP ng-star-inserted\">256<\/td>\n<td class=\"mat-mdc-cell mdc-data-table__cell cdk-cell cdk-column-displacementCCM mat-column-displacementCCM ng-star-inserted\">3498<\/td>\n<td class=\"mat-mdc-cell mdc-data-table__cell cdk-cell cdk-column-engineCodes mat-column-engineCodes ng-star-inserted\">\n<div class=\"saam-cell--line-clamp ng-star-inserted\"><span class=\"csv ng-star-inserted\">VQ35DE<\/span><\/div>\n<\/td>\n<td class=\"mat-mdc-cell mdc-data-table__cell cdk-cell cdk-column-kbaNumbers mat-column-kbaNumbers ng-star-inserted\">\n<div class=\"saam-cell--line-clamp ng-star-inserted\"><span class=\"csv ng-star-inserted\">1329AED\u00a0<\/span><span class=\"csv ng-star-inserted\">1329ACQ<\/span><\/div>\n<\/td>\n<\/tr>\n<\/tbody>\n<\/table>\n<\/div>\n<\/div>\n<p>________________________________________________________________________________________________________________________________________________________<\/p>\n","protected":false},"excerpt":{"rendered":"<ul>\n<li><strong>Fan Soketi<\/strong><\/li>\n<li><strong>Sis Far\u0131 Soketi<\/strong><\/li>\n<li><strong>Cam Suyu Motoru Soketi<\/strong><\/li>\n<\/ul>\n","protected":false},"featured_media":63373,"template":"","meta":[],"product_brand":[],"product_cat":[93,105,191],"product_tag":[],"class_list":{"0":"post-61551","1":"product","2":"type-product","3":"status-publish","4":"has-post-thumbnail","6":"product_cat-4-kablolu-soketler","7":"product_cat-nissan","8":"product_cat-yeni-urunler","10":"first","11":"instock","12":"taxable","13":"shipping-taxable","14":"purchasable","15":"product-type-simple"},"_links":{"self":[{"href":"https:\/\/otosoket.com\/index.php\/wp-json\/wp\/v2\/product\/61551","targetHints":{"allow":["GET"]}}],"collection":[{"href":"https:\/\/otosoket.com\/index.php\/wp-json\/wp\/v2\/product"}],"about":[{"href":"https:\/\/otosoket.com\/index.php\/wp-json\/wp\/v2\/types\/product"}],"wp:featuredmedia":[{"embeddable":true,"href":"https:\/\/otosoket.com\/index.php\/wp-json\/wp\/v2\/media\/63373"}],"wp:attachment":[{"href":"https:\/\/otosoket.com\/index.php\/wp-json\/wp\/v2\/media?parent=61551"}],"wp:term":[{"taxonomy":"product_brand","embeddable":true,"href":"https:\/\/otosoket.com\/index.php\/wp-json\/wp\/v2\/product_brand?post=61551"},{"taxonomy":"product_cat","embeddable":true,"href":"https:\/\/otosoket.com\/index.php\/wp-json\/wp\/v2\/product_cat?post=61551"},{"taxonomy":"product_tag","embeddable":true,"href":"https:\/\/otosoket.com\/index.php\/wp-json\/wp\/v2\/product_tag?post=61551"}],"curies":[{"name":"wp","href":"https:\/\/api.w.org\/{rel}","templated":true}]}}