{"id":61555,"date":"2025-12-15T14:39:01","date_gmt":"2025-12-15T14:39:01","guid":{"rendered":"https:\/\/otosoket.com\/?post_type=product&#038;p=61555"},"modified":"2026-03-11T12:58:16","modified_gmt":"2026-03-11T12:58:16","slug":"4k088","status":"publish","type":"product","link":"https:\/\/otosoket.com\/index.php\/product\/4k088\/","title":{"rendered":"4K088"},"content":{"rendered":"<p>________________________________________________________________________________________________________________________________________________________<\/p>\n<p><strong>OEM ABS Teker H\u0131z Sens\u00f6r\u00fc Soket :<\/strong> <span style=\"color: #ffffff;\">DJ3041Y-2.5-21\/12015798 \/12015798 12126449 S1594 PT720\/41877RGKB<\/span><\/p>\n<ul>\n<li><span class=\"mat-content ng-tns-c2622717266-1639 mat-content-hide-toggle\">GENERAL MOTORS ABS Teker H\u0131z Sens\u00f6r\u00fc <\/span><span class=\"mdc-list-item__content\" style=\"color: #ffffff;\"><span class=\"mat-mdc-list-item-unscoped-content mdc-list-item__primary-text\">12126449\/<\/span><\/span><\/li>\n<li>Oldsmobile <span class=\"mat-content ng-tns-c2622717266-1639 mat-content-hide-toggle\">ABS Teker H\u0131z Sens\u00f6r\u00fc<\/span><\/li>\n<\/ul>\n<p>________________________________________________________________________________________________________________________________________________________<\/p>\n<p>&nbsp;<\/p>\n<p>________________________________________________________________________________________________________________________________________________________<\/p>\n","protected":false},"excerpt":{"rendered":"<ul>\n<li><strong>ABS Teker H\u0131z Sens\u00f6r\u00fc<\/strong><\/li>\n<\/ul>\n","protected":false},"featured_media":63376,"template":"","meta":[],"product_brand":[],"product_cat":[93,191],"product_tag":[],"class_list":{"0":"post-61555","1":"product","2":"type-product","3":"status-publish","4":"has-post-thumbnail","6":"product_cat-4-kablolu-soketler","7":"product_cat-yeni-urunler","9":"first","10":"instock","11":"taxable","12":"shipping-taxable","13":"purchasable","14":"product-type-simple"},"_links":{"self":[{"href":"https:\/\/otosoket.com\/index.php\/wp-json\/wp\/v2\/product\/61555","targetHints":{"allow":["GET"]}}],"collection":[{"href":"https:\/\/otosoket.com\/index.php\/wp-json\/wp\/v2\/product"}],"about":[{"href":"https:\/\/otosoket.com\/index.php\/wp-json\/wp\/v2\/types\/product"}],"wp:featuredmedia":[{"embeddable":true,"href":"https:\/\/otosoket.com\/index.php\/wp-json\/wp\/v2\/media\/63376"}],"wp:attachment":[{"href":"https:\/\/otosoket.com\/index.php\/wp-json\/wp\/v2\/media?parent=61555"}],"wp:term":[{"taxonomy":"product_brand","embeddable":true,"href":"https:\/\/otosoket.com\/index.php\/wp-json\/wp\/v2\/product_brand?post=61555"},{"taxonomy":"product_cat","embeddable":true,"href":"https:\/\/otosoket.com\/index.php\/wp-json\/wp\/v2\/product_cat?post=61555"},{"taxonomy":"product_tag","embeddable":true,"href":"https:\/\/otosoket.com\/index.php\/wp-json\/wp\/v2\/product_tag?post=61555"}],"curies":[{"name":"wp","href":"https:\/\/api.w.org\/{rel}","templated":true}]}}