{"id":61576,"date":"2025-12-16T12:02:04","date_gmt":"2025-12-16T12:02:04","guid":{"rendered":"https:\/\/otosoket.com\/?post_type=product&#038;p=61576"},"modified":"2026-03-12T07:26:22","modified_gmt":"2026-03-12T07:26:22","slug":"6k039-a","status":"publish","type":"product","link":"https:\/\/otosoket.com\/index.php\/product\/6k039-a\/","title":{"rendered":"6K039 A"},"content":{"rendered":"<p>________________________________________________________________________________________________________________________________________________________<\/p>\n<p><strong>OEM Gaz Pedal\u0131 Konum Sens\u00f6r\u00fc Soketi Soket :<\/strong> <span style=\"color: #ffffff;\">dj7065yb-0.6-21\/6189-7100\/90980-12831\u00a0<\/span><\/p>\n<ul>\n<li>Mazda Gaz Pedal\u0131 Konum Sens\u00f6r\u00fc Soketi<\/li>\n<li>Subaru Gaz Pedal\u0131 Konum Sens\u00f6r\u00fc Soketi<\/li>\n<li>Toyota Gaz Pedal\u0131 Konum Sens\u00f6r\u00fc Soketi<\/li>\n<\/ul>\n<p>________________________________________________________________________________________________________________________________________________________<\/p>\n<p>&nbsp;<\/p>\n<p>________________________________________________________________________________________________________________________________________________________<\/p>\n","protected":false},"excerpt":{"rendered":"<ul>\n<li><strong> Gaz Pedal\u0131 Konum Sens\u00f6r\u00fc Soketi<\/strong><\/li>\n<\/ul>\n","protected":false},"featured_media":63490,"template":"","meta":[],"product_brand":[],"product_cat":[94,113,171,112,191],"product_tag":[],"class_list":{"0":"post-61576","1":"product","2":"type-product","3":"status-publish","4":"has-post-thumbnail","6":"product_cat-6-kablolu-soketler","7":"product_cat-mazda","8":"product_cat-subaru","9":"product_cat-toyota","10":"product_cat-yeni-urunler","12":"first","13":"instock","14":"taxable","15":"shipping-taxable","16":"purchasable","17":"product-type-simple"},"_links":{"self":[{"href":"https:\/\/otosoket.com\/index.php\/wp-json\/wp\/v2\/product\/61576","targetHints":{"allow":["GET"]}}],"collection":[{"href":"https:\/\/otosoket.com\/index.php\/wp-json\/wp\/v2\/product"}],"about":[{"href":"https:\/\/otosoket.com\/index.php\/wp-json\/wp\/v2\/types\/product"}],"wp:featuredmedia":[{"embeddable":true,"href":"https:\/\/otosoket.com\/index.php\/wp-json\/wp\/v2\/media\/63490"}],"wp:attachment":[{"href":"https:\/\/otosoket.com\/index.php\/wp-json\/wp\/v2\/media?parent=61576"}],"wp:term":[{"taxonomy":"product_brand","embeddable":true,"href":"https:\/\/otosoket.com\/index.php\/wp-json\/wp\/v2\/product_brand?post=61576"},{"taxonomy":"product_cat","embeddable":true,"href":"https:\/\/otosoket.com\/index.php\/wp-json\/wp\/v2\/product_cat?post=61576"},{"taxonomy":"product_tag","embeddable":true,"href":"https:\/\/otosoket.com\/index.php\/wp-json\/wp\/v2\/product_tag?post=61576"}],"curies":[{"name":"wp","href":"https:\/\/api.w.org\/{rel}","templated":true}]}}