{"id":61602,"date":"2025-12-17T09:40:22","date_gmt":"2025-12-17T09:40:22","guid":{"rendered":"https:\/\/otosoket.com\/?post_type=product&#038;p=61602"},"modified":"2026-03-12T08:01:12","modified_gmt":"2026-03-12T08:01:12","slug":"7k017","status":"publish","type":"product","link":"https:\/\/otosoket.com\/index.php\/product\/7k017\/","title":{"rendered":"7K017"},"content":{"rendered":"<p>________________________________________________________________________________________________________________________________________________________<\/p>\n<p><strong>OEM G<span id=\"productTitle\" class=\"a-size-large product-title-word-break\"><span dir=\"auto\">\u00f6sterge Paneli Ba\u011flant\u0131 <\/span><\/span>Soketi :<\/strong> <span style=\"color: #ffffff;\">dj7071-6.3\/7.8-21\/ 6950-0366 6950-1030\/<\/span><\/p>\n<p>________________________________________________________________________________________________________________________________________________________<\/p>\n<p>&nbsp;<\/p>\n<p>________________________________________________________________________________________________________________________________________________________<\/p>\n","protected":false},"excerpt":{"rendered":"<ul>\n<li><strong>G<span id=\"productTitle\" class=\"a-size-large product-title-word-break\"><span dir=\"auto\">\u00f6sterge Paneli Ba\u011flant\u0131 <\/span><\/span>Soketi<\/strong><\/li>\n<\/ul>\n","protected":false},"featured_media":63543,"template":"","meta":[],"product_brand":[],"product_cat":[95,191],"product_tag":[],"class_list":{"0":"post-61602","1":"product","2":"type-product","3":"status-publish","4":"has-post-thumbnail","6":"product_cat-7-kablolu-soketler","7":"product_cat-yeni-urunler","9":"first","10":"instock","11":"taxable","12":"shipping-taxable","13":"purchasable","14":"product-type-simple"},"_links":{"self":[{"href":"https:\/\/otosoket.com\/index.php\/wp-json\/wp\/v2\/product\/61602","targetHints":{"allow":["GET"]}}],"collection":[{"href":"https:\/\/otosoket.com\/index.php\/wp-json\/wp\/v2\/product"}],"about":[{"href":"https:\/\/otosoket.com\/index.php\/wp-json\/wp\/v2\/types\/product"}],"wp:featuredmedia":[{"embeddable":true,"href":"https:\/\/otosoket.com\/index.php\/wp-json\/wp\/v2\/media\/63543"}],"wp:attachment":[{"href":"https:\/\/otosoket.com\/index.php\/wp-json\/wp\/v2\/media?parent=61602"}],"wp:term":[{"taxonomy":"product_brand","embeddable":true,"href":"https:\/\/otosoket.com\/index.php\/wp-json\/wp\/v2\/product_brand?post=61602"},{"taxonomy":"product_cat","embeddable":true,"href":"https:\/\/otosoket.com\/index.php\/wp-json\/wp\/v2\/product_cat?post=61602"},{"taxonomy":"product_tag","embeddable":true,"href":"https:\/\/otosoket.com\/index.php\/wp-json\/wp\/v2\/product_tag?post=61602"}],"curies":[{"name":"wp","href":"https:\/\/api.w.org\/{rel}","templated":true}]}}