{"id":61607,"date":"2025-12-17T10:33:10","date_gmt":"2025-12-17T10:33:10","guid":{"rendered":"https:\/\/otosoket.com\/?post_type=product&#038;p=61607"},"modified":"2026-03-12T08:39:53","modified_gmt":"2026-03-12T08:39:53","slug":"8k031","status":"publish","type":"product","link":"https:\/\/otosoket.com\/index.php\/product\/8k031\/","title":{"rendered":"8K031"},"content":{"rendered":"<p>________________________________________________________________________________________________________________________________________________________<\/p>\n<p><strong>OEM Gaz Kelebe\u011fi Soketi :<\/strong><span style=\"color: #ffffff;\"> DJ7088C-1.5-21\/7122(7123)-7780-40\/<\/span><\/p>\n<ul>\n<li>Ekskavat\u00f6r Gaz Kelebe\u011fi\u00a0 Soketi<\/li>\n<\/ul>\n<p>________________________________________________________________________________________________________________________________________________________<\/p>\n<p>&nbsp;<\/p>\n<p>________________________________________________________________________________________________________________________________________________________<\/p>\n","protected":false},"excerpt":{"rendered":"<ul>\n<li><strong>\u0130\u015f Makinesi Gaz Kelebe\u011fi Soketi <\/strong><\/li>\n<\/ul>\n","protected":false},"featured_media":63589,"template":"","meta":[],"product_brand":[],"product_cat":[96,88,191],"product_tag":[],"class_list":{"0":"post-61607","1":"product","2":"type-product","3":"status-publish","4":"has-post-thumbnail","6":"product_cat-8-kablolu-soketler","7":"product_cat-is-makinasi","8":"product_cat-yeni-urunler","10":"first","11":"instock","12":"taxable","13":"shipping-taxable","14":"purchasable","15":"product-type-simple"},"_links":{"self":[{"href":"https:\/\/otosoket.com\/index.php\/wp-json\/wp\/v2\/product\/61607","targetHints":{"allow":["GET"]}}],"collection":[{"href":"https:\/\/otosoket.com\/index.php\/wp-json\/wp\/v2\/product"}],"about":[{"href":"https:\/\/otosoket.com\/index.php\/wp-json\/wp\/v2\/types\/product"}],"wp:featuredmedia":[{"embeddable":true,"href":"https:\/\/otosoket.com\/index.php\/wp-json\/wp\/v2\/media\/63589"}],"wp:attachment":[{"href":"https:\/\/otosoket.com\/index.php\/wp-json\/wp\/v2\/media?parent=61607"}],"wp:term":[{"taxonomy":"product_brand","embeddable":true,"href":"https:\/\/otosoket.com\/index.php\/wp-json\/wp\/v2\/product_brand?post=61607"},{"taxonomy":"product_cat","embeddable":true,"href":"https:\/\/otosoket.com\/index.php\/wp-json\/wp\/v2\/product_cat?post=61607"},{"taxonomy":"product_tag","embeddable":true,"href":"https:\/\/otosoket.com\/index.php\/wp-json\/wp\/v2\/product_tag?post=61607"}],"curies":[{"name":"wp","href":"https:\/\/api.w.org\/{rel}","templated":true}]}}