{"id":61630,"date":"2025-12-17T13:51:53","date_gmt":"2025-12-17T13:51:53","guid":{"rendered":"https:\/\/otosoket.com\/?post_type=product&#038;p=61630"},"modified":"2026-03-12T09:36:38","modified_gmt":"2026-03-12T09:36:38","slug":"23k001","status":"publish","type":"product","link":"https:\/\/otosoket.com\/index.php\/product\/23k001\/","title":{"rendered":"23K001"},"content":{"rendered":"<p>________________________________________________________________________________________________________________________________________________________<\/p>\n<p><strong>OEM Ecu Soketi :<\/strong><span style=\"color: #ffffff;\"> dj7238ca-1.3-21\/<span id=\"productTitle\" class=\"a-size-large product-title-word-break\">770680-1\/ 776228 -1 770680 -1 776087 -1 770680 -2 770680 -4<\/span><\/span><\/p>\n<p>________________________________________________________________________________________________________________________________________________________________________________________________________________________________________________________________________________________________________________<\/p>\n","protected":false},"excerpt":{"rendered":"<ul>\n<li><strong>ECU Ba\u011flant\u0131s\u0131 Soketi<\/strong><\/li>\n<\/ul>\n","protected":false},"featured_media":63674,"template":"","meta":[],"product_brand":[],"product_cat":[202,191],"product_tag":[],"class_list":{"0":"post-61630","1":"product","2":"type-product","3":"status-publish","4":"has-post-thumbnail","6":"product_cat-23-kablolu-soketler","7":"product_cat-yeni-urunler","9":"first","10":"instock","11":"taxable","12":"shipping-taxable","13":"purchasable","14":"product-type-simple"},"_links":{"self":[{"href":"https:\/\/otosoket.com\/index.php\/wp-json\/wp\/v2\/product\/61630","targetHints":{"allow":["GET"]}}],"collection":[{"href":"https:\/\/otosoket.com\/index.php\/wp-json\/wp\/v2\/product"}],"about":[{"href":"https:\/\/otosoket.com\/index.php\/wp-json\/wp\/v2\/types\/product"}],"wp:featuredmedia":[{"embeddable":true,"href":"https:\/\/otosoket.com\/index.php\/wp-json\/wp\/v2\/media\/63674"}],"wp:attachment":[{"href":"https:\/\/otosoket.com\/index.php\/wp-json\/wp\/v2\/media?parent=61630"}],"wp:term":[{"taxonomy":"product_brand","embeddable":true,"href":"https:\/\/otosoket.com\/index.php\/wp-json\/wp\/v2\/product_brand?post=61630"},{"taxonomy":"product_cat","embeddable":true,"href":"https:\/\/otosoket.com\/index.php\/wp-json\/wp\/v2\/product_cat?post=61630"},{"taxonomy":"product_tag","embeddable":true,"href":"https:\/\/otosoket.com\/index.php\/wp-json\/wp\/v2\/product_tag?post=61630"}],"curies":[{"name":"wp","href":"https:\/\/api.w.org\/{rel}","templated":true}]}}