{"id":61636,"date":"2025-12-17T14:22:45","date_gmt":"2025-12-17T14:22:45","guid":{"rendered":"https:\/\/otosoket.com\/?post_type=product&#038;p=61636"},"modified":"2026-03-12T09:45:52","modified_gmt":"2026-03-12T09:45:52","slug":"ecu-32k001-a","status":"publish","type":"product","link":"https:\/\/otosoket.com\/index.php\/product\/ecu-32k001-a\/","title":{"rendered":"ECU 32K001 A"},"content":{"rendered":"<p>_<span style=\"color: #000000;\">_______________________________________________________________________________________________________________________________________________________<\/span><\/p>\n<p><span style=\"color: #000000;\"><strong>OEM G\u00f6sterge Paneli Ba\u011flant\u0131 Soketi :<\/strong> <span style=\"color: #ffffff;\">DJ7322A-0.6-21\/1J0972977C \/ 1719057-1\/1719057-1, 1719058-1, 1J0 972 977 C, 1J0972977C\/1719057-1 1719058-1\/1J0972977D<\/span><\/span><\/p>\n<ul>\n<li><span style=\"color: #000000;\">AUDI G\u00f6sterge Paneli Ba\u011flant\u0131 Soketi<\/span><\/li>\n<li><span style=\"color: #000000;\">PORSCHE G\u00f6sterge Paneli Ba\u011flant\u0131 Soketi<\/span><\/li>\n<li><span style=\"color: #000000;\">SEAT G\u00f6sterge Paneli Ba\u011flant\u0131 Soketi\u00a0<\/span><\/li>\n<li><span style=\"color: #000000;\">SKODA G\u00f6sterge Paneli Ba\u011flant\u0131 Soketi<\/span><\/li>\n<li><span style=\"color: #000000;\">VW G\u00f6sterge Paneli Ba\u011flant\u0131 Soketi\u00a0<\/span><\/li>\n<\/ul>\n<p>________________________________________________________________________________________________________________________________________________________________________________________________________________________________________________________________________________________________________________<\/p>\n","protected":false},"excerpt":{"rendered":"<ul>\n<li><strong><span style=\"color: #000000;\">G\u00f6sterge Paneli Ba\u011flant\u0131 Soketi (DEMONTE)<\/span><\/strong><\/li>\n<\/ul>\n","protected":false},"featured_media":63683,"template":"","meta":[],"product_brand":[],"product_cat":[135,107,169,108,109,110,191],"product_tag":[],"class_list":{"0":"post-61636","1":"product","2":"type-product","3":"status-publish","4":"has-post-thumbnail","6":"product_cat-32-kablolu-soketler","7":"product_cat-audi","8":"product_cat-porsche","9":"product_cat-seat","10":"product_cat-skoda","11":"product_cat-volkswagen","12":"product_cat-yeni-urunler","14":"first","15":"instock","16":"taxable","17":"shipping-taxable","18":"purchasable","19":"product-type-simple"},"_links":{"self":[{"href":"https:\/\/otosoket.com\/index.php\/wp-json\/wp\/v2\/product\/61636","targetHints":{"allow":["GET"]}}],"collection":[{"href":"https:\/\/otosoket.com\/index.php\/wp-json\/wp\/v2\/product"}],"about":[{"href":"https:\/\/otosoket.com\/index.php\/wp-json\/wp\/v2\/types\/product"}],"wp:featuredmedia":[{"embeddable":true,"href":"https:\/\/otosoket.com\/index.php\/wp-json\/wp\/v2\/media\/63683"}],"wp:attachment":[{"href":"https:\/\/otosoket.com\/index.php\/wp-json\/wp\/v2\/media?parent=61636"}],"wp:term":[{"taxonomy":"product_brand","embeddable":true,"href":"https:\/\/otosoket.com\/index.php\/wp-json\/wp\/v2\/product_brand?post=61636"},{"taxonomy":"product_cat","embeddable":true,"href":"https:\/\/otosoket.com\/index.php\/wp-json\/wp\/v2\/product_cat?post=61636"},{"taxonomy":"product_tag","embeddable":true,"href":"https:\/\/otosoket.com\/index.php\/wp-json\/wp\/v2\/product_tag?post=61636"}],"curies":[{"name":"wp","href":"https:\/\/api.w.org\/{rel}","templated":true}]}}